{"id":4647,"date":"2024-03-27T08:14:01","date_gmt":"2024-03-27T08:14:01","guid":{"rendered":"http:\/\/localhost\/www\/?page_id=4647"},"modified":"2024-08-16T23:51:46","modified_gmt":"2024-08-16T23:51:46","slug":"utopia-de-los-inversores","status":"publish","type":"page","link":"https:\/\/www.utopiafiber.dev\/es\/utopia-de-los-inversores\/","title":{"rendered":"Investors-UTOPIA"},"content":{"rendered":"<div data-elementor-type=\"wp-page\" data-elementor-id=\"4647\" class=\"elementor elementor-4647\" data-elementor-post-type=\"page\">\n\t\t\t\t\t\t<section class=\"elementor-section elementor-top-section elementor-element elementor-element-fbf60d8 elementor-section-boxed elementor-section-height-default elementor-section-height-default\" data-id=\"fbf60d8\" data-element_type=\"section\" data-settings=\"{&quot;wdt_bg_image&quot;:{&quot;url&quot;:&quot;&quot;,&quot;id&quot;:&quot;&quot;,&quot;size&quot;:&quot;&quot;},&quot;wdt_bg_image_widescreen&quot;:{&quot;url&quot;:&quot;&quot;,&quot;id&quot;:&quot;&quot;,&quot;size&quot;:&quot;&quot;},&quot;wdt_bg_image_laptop&quot;:{&quot;url&quot;:&quot;&quot;,&quot;id&quot;:&quot;&quot;,&quot;size&quot;:&quot;&quot;},&quot;wdt_bg_image_tablet_extra&quot;:{&quot;url&quot;:&quot;&quot;,&quot;id&quot;:&quot;&quot;,&quot;size&quot;:&quot;&quot;},&quot;wdt_bg_image_tablet&quot;:{&quot;url&quot;:&quot;&quot;,&quot;id&quot;:&quot;&quot;,&quot;size&quot;:&quot;&quot;},&quot;wdt_bg_image_mobile_extra&quot;:{&quot;url&quot;:&quot;&quot;,&quot;id&quot;:&quot;&quot;,&quot;size&quot;:&quot;&quot;},&quot;wdt_bg_image_mobile&quot;:{&quot;url&quot;:&quot;&quot;,&quot;id&quot;:&quot;&quot;,&quot;size&quot;:&quot;&quot;},&quot;wdt_bg_position&quot;:&quot;center center&quot;,&quot;wdt_animation_effect&quot;:&quot;none&quot;}\">\n\t\t\t\t\t\t<div class=\"elementor-container elementor-column-gap-default\">\n\t\t\t\t\t<div class=\"elementor-column elementor-col-100 elementor-top-column elementor-element elementor-element-5181323\" data-id=\"5181323\" data-element_type=\"column\">\n\t\t\t<div class=\"elementor-widget-wrap elementor-element-populated\">\n\t\t\t\t\t\t<div class=\"elementor-element elementor-element-11d51d5 elementor-widget elementor-widget-spacer\" data-id=\"11d51d5\" data-element_type=\"widget\" data-settings=\"{&quot;wdt_animation_effect&quot;:&quot;none&quot;}\" data-widget_type=\"spacer.default\">\n\t\t\t\t<div class=\"elementor-widget-container\">\n\t\t\t\t\t\t\t<div class=\"elementor-spacer\">\n\t\t\t<div class=\"elementor-spacer-inner\"><\/div>\n\t\t<\/div>\n\t\t\t\t\t\t<\/div>\n\t\t\t\t<\/div>\n\t\t\t\t\t<\/div>\n\t\t<\/div>\n\t\t\t\t\t<\/div>\n\t\t<\/section>\n\t\t\t\t<section class=\"elementor-section elementor-top-section elementor-element elementor-element-1bb5c02 elementor-section-boxed elementor-section-height-default elementor-section-height-default\" data-id=\"1bb5c02\" data-element_type=\"section\" data-settings=\"{&quot;wdt_bg_image&quot;:{&quot;url&quot;:&quot;&quot;,&quot;id&quot;:&quot;&quot;,&quot;size&quot;:&quot;&quot;},&quot;wdt_bg_image_widescreen&quot;:{&quot;url&quot;:&quot;&quot;,&quot;id&quot;:&quot;&quot;,&quot;size&quot;:&quot;&quot;},&quot;wdt_bg_image_laptop&quot;:{&quot;url&quot;:&quot;&quot;,&quot;id&quot;:&quot;&quot;,&quot;size&quot;:&quot;&quot;},&quot;wdt_bg_image_tablet_extra&quot;:{&quot;url&quot;:&quot;&quot;,&quot;id&quot;:&quot;&quot;,&quot;size&quot;:&quot;&quot;},&quot;wdt_bg_image_tablet&quot;:{&quot;url&quot;:&quot;&quot;,&quot;id&quot;:&quot;&quot;,&quot;size&quot;:&quot;&quot;},&quot;wdt_bg_image_mobile_extra&quot;:{&quot;url&quot;:&quot;&quot;,&quot;id&quot;:&quot;&quot;,&quot;size&quot;:&quot;&quot;},&quot;wdt_bg_image_mobile&quot;:{&quot;url&quot;:&quot;&quot;,&quot;id&quot;:&quot;&quot;,&quot;size&quot;:&quot;&quot;},&quot;wdt_bg_position&quot;:&quot;center center&quot;,&quot;wdt_animation_effect&quot;:&quot;none&quot;}\">\n\t\t\t\t\t\t<div class=\"elementor-container elementor-column-gap-default\">\n\t\t\t\t\t<div class=\"elementor-column elementor-col-50 elementor-top-column elementor-element elementor-element-24b7cef\" data-id=\"24b7cef\" data-element_type=\"column\">\n\t\t\t<div class=\"elementor-widget-wrap elementor-element-populated\">\n\t\t\t\t\t\t<div class=\"elementor-element elementor-element-647048b elementor-widget-laptop__width-initial elementor-widget elementor-widget-wdt-heading\" data-id=\"647048b\" data-element_type=\"widget\" data-settings=\"{&quot;split_heading&quot;:&quot;true&quot;,&quot;wdt_enable_inview_status&quot;:&quot;true&quot;,&quot;wdt_animation_effect&quot;:&quot;none&quot;}\" data-widget_type=\"wdt-heading.default\">\n\t\t\t\t<div class=\"elementor-widget-container\">\n\t\t\t\t\t<div class=\"wdt-heading-holder\" id=\"wdt-heading-647048b\"><h2 class=\"wdt-heading-title-wrapper wdt-heading-align- wdt-heading-deco-wrapper\"><span class=\"wdt-heading-title\">Agencia de Infraestructuras Abiertas de Telecomunicaciones de Utah <span class=\"wdt-split-heading-wrapper\"><span class=\"wdt-split-heading-title\">(<\/span><span class=\"wdt-split-heading-title\">U<\/span><span class=\"wdt-split-heading-title\">T<\/span><span class=\"wdt-split-heading-title\">O<\/span><span class=\"wdt-split-heading-title\">P<\/span><span class=\"wdt-split-heading-title\">I<\/span><span class=\"wdt-split-heading-title\">A<\/span><span class=\"wdt-split-heading-title\">)<\/span><\/span><\/span><\/h2><div class=\"wdt-heading-content-wrapper\">Utah Telecommunications Open Infrastructure Agency (UTOPIA) es un consorcio de 15 ciudades de Utah, creado para encargarse de la construcci\u00f3n y explotaci\u00f3n de una infraestructura mayorista de telecomunicaciones de fibra \u00f3ptica de \u00faltima generaci\u00f3n. Este esfuerzo por parte de los municipios fomentar\u00e1 el desarrollo econ\u00f3mico y mejorar\u00e1 la calidad de vida de sus residentes. UTOPIA proporciona una red de acceso abierto, lo que permite a los proveedores de servicios privados utilizar la infraestructura para ofrecer servicios digitales al por menor a los clientes de las ciudades miembros de UTOPIA.\n<p>\n&nbsp;\n<\/p>\nPara facilitar el crecimiento, 9 de las 15 ciudades de UTOPIA crearon otra entidad interlocal denominada Agencia de Infraestructuras de Utah (UIA). UTOPIA ha suscrito un acuerdo para proporcionar servicios de red y acceso a UIA. Se trata de un acuerdo de derecho imprescriptible de uso entre UTOPIA y UIA. Gracias a este acuerdo, UTOPIA ha podido y podr\u00e1 generar ingresos adicionales.<\/div><\/div>\t\t\t\t<\/div>\n\t\t\t\t<\/div>\n\t\t\t\t\t<\/div>\n\t\t<\/div>\n\t\t\t\t<div class=\"elementor-column elementor-col-50 elementor-top-column elementor-element elementor-element-f1a79f6\" data-id=\"f1a79f6\" data-element_type=\"column\">\n\t\t\t<div class=\"elementor-widget-wrap elementor-element-populated\">\n\t\t\t\t\t\t<div class=\"elementor-element elementor-element-cb200eb elementor-widget elementor-widget-image\" data-id=\"cb200eb\" data-element_type=\"widget\" data-settings=\"{&quot;wdt_animation_effect&quot;:&quot;none&quot;}\" data-widget_type=\"image.default\">\n\t\t\t\t<div class=\"elementor-widget-container\">\n\t\t\t\t\t\t\t\t\t\t\t\t\t\t\t<img fetchpriority=\"high\" decoding=\"async\" width=\"780\" height=\"780\" src=\"https:\/\/www.utopiafiber.dev\/wp-content\/uploads\/2024\/08\/Utopia-Logo-Large.png\" class=\"attachment-2048x2048 size-2048x2048 wp-image-15548\" alt=\"\" srcset=\"https:\/\/www.utopiafiber.dev\/wp-content\/uploads\/2024\/08\/Utopia-Logo-Large.png 780w, https:\/\/www.utopiafiber.dev\/wp-content\/uploads\/2024\/08\/Utopia-Logo-Large-300x300.png 300w, https:\/\/www.utopiafiber.dev\/wp-content\/uploads\/2024\/08\/Utopia-Logo-Large-150x150.png 150w, https:\/\/www.utopiafiber.dev\/wp-content\/uploads\/2024\/08\/Utopia-Logo-Large-768x768.png 768w\" sizes=\"(max-width: 780px) 100vw, 780px\" \/>\t\t\t\t\t\t\t\t\t\t\t\t\t\t\t<\/div>\n\t\t\t\t<\/div>\n\t\t\t\t\t<\/div>\n\t\t<\/div>\n\t\t\t\t\t<\/div>\n\t\t<\/section>\n\t\t\t\t<section class=\"elementor-section elementor-top-section elementor-element elementor-element-08432fb elementor-section-content-middle wdt-dark-bg elementor-section-boxed elementor-section-height-default elementor-section-height-default elementor-invisible\" data-id=\"08432fb\" data-element_type=\"section\" data-settings=\"{&quot;background_background&quot;:&quot;classic&quot;,&quot;animation&quot;:&quot;fadeIn&quot;,&quot;wdt_bg_image&quot;:{&quot;url&quot;:&quot;&quot;,&quot;id&quot;:&quot;&quot;,&quot;size&quot;:&quot;&quot;},&quot;wdt_bg_image_widescreen&quot;:{&quot;url&quot;:&quot;&quot;,&quot;id&quot;:&quot;&quot;,&quot;size&quot;:&quot;&quot;},&quot;wdt_bg_image_laptop&quot;:{&quot;url&quot;:&quot;&quot;,&quot;id&quot;:&quot;&quot;,&quot;size&quot;:&quot;&quot;},&quot;wdt_bg_image_tablet_extra&quot;:{&quot;url&quot;:&quot;&quot;,&quot;id&quot;:&quot;&quot;,&quot;size&quot;:&quot;&quot;},&quot;wdt_bg_image_tablet&quot;:{&quot;url&quot;:&quot;&quot;,&quot;id&quot;:&quot;&quot;,&quot;size&quot;:&quot;&quot;},&quot;wdt_bg_image_mobile_extra&quot;:{&quot;url&quot;:&quot;&quot;,&quot;id&quot;:&quot;&quot;,&quot;size&quot;:&quot;&quot;},&quot;wdt_bg_image_mobile&quot;:{&quot;url&quot;:&quot;&quot;,&quot;id&quot;:&quot;&quot;,&quot;size&quot;:&quot;&quot;},&quot;wdt_bg_position&quot;:&quot;center center&quot;,&quot;wdt_animation_effect&quot;:&quot;none&quot;}\">\n\t\t\t\t\t\t\t<div class=\"elementor-background-overlay\"><\/div>\n\t\t\t\t\t\t\t<div class=\"elementor-container elementor-column-gap-no\">\n\t\t\t\t\t<div class=\"elementor-column elementor-col-100 elementor-top-column elementor-element elementor-element-74b1022\" data-id=\"74b1022\" data-element_type=\"column\">\n\t\t\t<div class=\"elementor-widget-wrap elementor-element-populated\">\n\t\t\t\t\t\t<div class=\"elementor-element elementor-element-f2e8f4e elementor-widget elementor-widget-spacer\" data-id=\"f2e8f4e\" data-element_type=\"widget\" data-settings=\"{&quot;wdt_animation_effect&quot;:&quot;none&quot;}\" data-widget_type=\"spacer.default\">\n\t\t\t\t<div class=\"elementor-widget-container\">\n\t\t\t\t\t\t\t<div class=\"elementor-spacer\">\n\t\t\t<div class=\"elementor-spacer-inner\"><\/div>\n\t\t<\/div>\n\t\t\t\t\t\t<\/div>\n\t\t\t\t<\/div>\n\t\t\t\t\t<\/div>\n\t\t<\/div>\n\t\t\t\t\t<\/div>\n\t\t<\/section>\n\t\t\t\t<section class=\"elementor-section elementor-top-section elementor-element elementor-element-21fda78 elementor-section-boxed elementor-section-height-default elementor-section-height-default\" data-id=\"21fda78\" data-element_type=\"section\" data-settings=\"{&quot;wdt_bg_image&quot;:{&quot;url&quot;:&quot;&quot;,&quot;id&quot;:&quot;&quot;,&quot;size&quot;:&quot;&quot;},&quot;wdt_bg_image_widescreen&quot;:{&quot;url&quot;:&quot;&quot;,&quot;id&quot;:&quot;&quot;,&quot;size&quot;:&quot;&quot;},&quot;wdt_bg_image_laptop&quot;:{&quot;url&quot;:&quot;&quot;,&quot;id&quot;:&quot;&quot;,&quot;size&quot;:&quot;&quot;},&quot;wdt_bg_image_tablet_extra&quot;:{&quot;url&quot;:&quot;&quot;,&quot;id&quot;:&quot;&quot;,&quot;size&quot;:&quot;&quot;},&quot;wdt_bg_image_tablet&quot;:{&quot;url&quot;:&quot;&quot;,&quot;id&quot;:&quot;&quot;,&quot;size&quot;:&quot;&quot;},&quot;wdt_bg_image_mobile_extra&quot;:{&quot;url&quot;:&quot;&quot;,&quot;id&quot;:&quot;&quot;,&quot;size&quot;:&quot;&quot;},&quot;wdt_bg_image_mobile&quot;:{&quot;url&quot;:&quot;&quot;,&quot;id&quot;:&quot;&quot;,&quot;size&quot;:&quot;&quot;},&quot;wdt_bg_position&quot;:&quot;center center&quot;,&quot;wdt_animation_effect&quot;:&quot;none&quot;}\">\n\t\t\t\t\t\t<div class=\"elementor-container elementor-column-gap-default\">\n\t\t\t\t\t<div class=\"elementor-column elementor-col-100 elementor-top-column elementor-element elementor-element-f0944a1\" data-id=\"f0944a1\" data-element_type=\"column\">\n\t\t\t<div class=\"elementor-widget-wrap elementor-element-populated\">\n\t\t\t\t\t\t<section class=\"elementor-section elementor-inner-section elementor-element elementor-element-1808dff elementor-section-boxed elementor-section-height-default elementor-section-height-default\" data-id=\"1808dff\" data-element_type=\"section\" data-settings=\"{&quot;wdt_bg_image&quot;:{&quot;url&quot;:&quot;&quot;,&quot;id&quot;:&quot;&quot;,&quot;size&quot;:&quot;&quot;},&quot;wdt_bg_image_widescreen&quot;:{&quot;url&quot;:&quot;&quot;,&quot;id&quot;:&quot;&quot;,&quot;size&quot;:&quot;&quot;},&quot;wdt_bg_image_laptop&quot;:{&quot;url&quot;:&quot;&quot;,&quot;id&quot;:&quot;&quot;,&quot;size&quot;:&quot;&quot;},&quot;wdt_bg_image_tablet_extra&quot;:{&quot;url&quot;:&quot;&quot;,&quot;id&quot;:&quot;&quot;,&quot;size&quot;:&quot;&quot;},&quot;wdt_bg_image_tablet&quot;:{&quot;url&quot;:&quot;&quot;,&quot;id&quot;:&quot;&quot;,&quot;size&quot;:&quot;&quot;},&quot;wdt_bg_image_mobile_extra&quot;:{&quot;url&quot;:&quot;&quot;,&quot;id&quot;:&quot;&quot;,&quot;size&quot;:&quot;&quot;},&quot;wdt_bg_image_mobile&quot;:{&quot;url&quot;:&quot;&quot;,&quot;id&quot;:&quot;&quot;,&quot;size&quot;:&quot;&quot;},&quot;wdt_bg_position&quot;:&quot;center center&quot;,&quot;wdt_animation_effect&quot;:&quot;none&quot;}\">\n\t\t\t\t\t\t<div class=\"elementor-container elementor-column-gap-default\">\n\t\t\t\t\t<div class=\"elementor-column elementor-col-100 elementor-inner-column elementor-element elementor-element-ff47019\" data-id=\"ff47019\" data-element_type=\"column\">\n\t\t\t<div class=\"elementor-widget-wrap elementor-element-populated\">\n\t\t\t\t\t\t<div class=\"elementor-element elementor-element-a927e5c elementor-widget elementor-widget-eael-adv-tabs\" data-id=\"a927e5c\" data-element_type=\"widget\" data-settings=\"{&quot;wdt_animation_effect&quot;:&quot;none&quot;}\" data-widget_type=\"eael-adv-tabs.default\">\n\t\t\t\t<div class=\"elementor-widget-container\">\n\t\t\t\t\t        <div data-scroll-on-click=\"no\" data-scroll-speed=\"300\" id=\"eael-advance-tabs-a927e5c\" class=\"eael-advance-tabs eael-tabs-horizontal eael-tab-auto-active\" data-tabid=\"a927e5c\">\n            <div class=\"eael-tabs-nav\">\n                <ul class=\"eael-tab-inline-icon\" role=\"tablist\">\n                                            <li id=\"financial-statements\" class=\"active-default eael-tab-item-trigger eael-tab-nav-item\" aria-selected=\"true\" data-tab=\"1\" role=\"tab\" tabindex=\"0\" aria-controls=\"financial-statements-tab\" aria-expanded=\"false\">\n                            \n                                                                                                                            \n                                                            <h6 class=\"eael-tab-title title-after-icon\" >Estados financieros<\/h6>                            \n                                                    <\/li>\n                                            <li id=\"continuing-disclosures\" class=\"inactive eael-tab-item-trigger eael-tab-nav-item\" aria-selected=\"false\" data-tab=\"2\" role=\"tab\" tabindex=\"-1\" aria-controls=\"continuing-disclosures-tab\" aria-expanded=\"false\">\n                            \n                                                                                                                            \n                                                            <h6 class=\"eael-tab-title title-after-icon\" >Divulgaci\u00f3n continua<\/h6>                            \n                                                    <\/li>\n                                    <\/ul>\n            <\/div>\n            \n            <div class=\"eael-tabs-content\">\n\t\t        \n                    <div id=\"financial-statements-tab\" class=\"clearfix eael-tab-content-item active-default\" data-title-link=\"financial-statements-tab\">\n\t\t\t\t        <ul><li><a href=\"\/wp-content\/uploads\/2024\/03\/2014-UTOPIA-Report-Issued-11-25-2014.pdf\">2014<\/a><\/li><li><a href=\"\/wp-content\/uploads\/2024\/03\/UTOPIA-2015-Report-ISSUED-11.20.2015.pdf\">2015<\/a><\/li><li><a href=\"\/wp-content\/uploads\/2024\/03\/UTOPIA-2016-Report-ISSUED-11.30.2016-COMBINED.pdf\">2016<\/a><\/li><li><a href=\"\/wp-content\/uploads\/2024\/03\/UTOPIA-2017-Report-ISSUED-11.15.17-Combined.pdf\">2017<\/a><\/li><li><a href=\"\/wp-content\/uploads\/2024\/03\/UTOPIA-2018-Report-ISSUED-12.03.2018-Combined.pdf\">2018<\/a><\/li><li><a href=\"\/wp-content\/uploads\/2024\/03\/UTOPIA-FY2019-Financials.pdf\">2019<\/a><\/li><li><a href=\"\/wp-content\/uploads\/2024\/03\/UTOPIA-FY2020-Financials.pdf\">2020<\/a><\/li><li><a href=\"\/wp-content\/uploads\/2024\/03\/UTOPIA-FY2021-Financials.pdf\">2021<\/a><\/li><li><a href=\"\/wp-content\/uploads\/2024\/03\/UTOPIA-FY2022-Financials-12.30.2022-FINAL.pdf\">2022<\/a><\/li><li><a href=\"\/wp-content\/uploads\/2024\/06\/UTOPIA-FY2023-Financials-12.29.2023-FINAL.pdf\" target=\"_blank\" rel=\"noopener\">2023<\/a><\/li><\/ul>                    <\/div>\n\t\t        \n                    <div id=\"continuing-disclosures-tab\" class=\"clearfix eael-tab-content-item inactive\" data-title-link=\"continuing-disclosures-tab\">\n\t\t\t\t        <ul><li><a href=\"\/wp-content\/uploads\/2024\/07\/UTOPIA_2023ContinuingDisclosureJan192023.pdf\" target=\"_blank\" rel=\"noopener\">2023<\/a><\/li><li><a href=\"\/wp-content\/uploads\/2024\/07\/UTOPIA_2024ContinuingDisclsoureReport-Jan18.pdf\" target=\"_blank\" rel=\"noopener\">2024<\/a><\/li><\/ul>                    <\/div>\n\t\t                    <\/div>\n        <\/div>\n\t\t\t\t<\/div>\n\t\t\t\t<\/div>\n\t\t\t\t\t<\/div>\n\t\t<\/div>\n\t\t\t\t\t<\/div>\n\t\t<\/section>\n\t\t\t\t<div class=\"elementor-element elementor-element-0a17b7b elementor-widget elementor-widget-spacer\" data-id=\"0a17b7b\" data-element_type=\"widget\" data-settings=\"{&quot;wdt_animation_effect&quot;:&quot;none&quot;}\" data-widget_type=\"spacer.default\">\n\t\t\t\t<div class=\"elementor-widget-container\">\n\t\t\t\t\t\t\t<div class=\"elementor-spacer\">\n\t\t\t<div class=\"elementor-spacer-inner\"><\/div>\n\t\t<\/div>\n\t\t\t\t\t\t<\/div>\n\t\t\t\t<\/div>\n\t\t\t\t\t<\/div>\n\t\t<\/div>\n\t\t\t\t\t<\/div>\n\t\t<\/section>\n\t\t\t\t<\/div>","protected":false},"excerpt":{"rendered":"<p>Utah Telecommunication Open Infrastructure Agency (UTOPIA) Utah Telecommunications Open Infrastructure Agency (UTOPIA) is a consortium of 15 Utah cities, created to provide construction and operations for a wholesale state-of-the-art fiber optic telecommunications infrastructure. This effort on the part of the municipalities will promote economic development and improve the quality of life for their residents. UTOPIA [&hellip;]<\/p>","protected":false},"author":20,"featured_media":0,"parent":0,"menu_order":0,"comment_status":"closed","ping_status":"closed","template":"elementor_header_footer","meta":{"footnotes":""},"class_list":["post-4647","page","type-page","status-publish","hentry"],"_links":{"self":[{"href":"https:\/\/www.utopiafiber.dev\/es\/wp-json\/wp\/v2\/pages\/4647","targetHints":{"allow":["GET"]}}],"collection":[{"href":"https:\/\/www.utopiafiber.dev\/es\/wp-json\/wp\/v2\/pages"}],"about":[{"href":"https:\/\/www.utopiafiber.dev\/es\/wp-json\/wp\/v2\/types\/page"}],"author":[{"embeddable":true,"href":"https:\/\/www.utopiafiber.dev\/es\/wp-json\/wp\/v2\/users\/20"}],"replies":[{"embeddable":true,"href":"https:\/\/www.utopiafiber.dev\/es\/wp-json\/wp\/v2\/comments?post=4647"}],"version-history":[{"count":49,"href":"https:\/\/www.utopiafiber.dev\/es\/wp-json\/wp\/v2\/pages\/4647\/revisions"}],"predecessor-version":[{"id":15558,"href":"https:\/\/www.utopiafiber.dev\/es\/wp-json\/wp\/v2\/pages\/4647\/revisions\/15558"}],"wp:attachment":[{"href":"https:\/\/www.utopiafiber.dev\/es\/wp-json\/wp\/v2\/media?parent=4647"}],"curies":[{"name":"wp","href":"https:\/\/api.w.org\/{rel}","templated":true}]}}