{"id":4668,"date":"2024-03-27T08:54:39","date_gmt":"2024-03-27T08:54:39","guid":{"rendered":"http:\/\/localhost\/www\/?page_id=4668"},"modified":"2024-08-16T23:43:55","modified_gmt":"2024-08-16T23:43:55","slug":"inversores-uia","status":"publish","type":"page","link":"https:\/\/www.utopiafiber.dev\/es\/inversores-uia\/","title":{"rendered":"Investors-UIA"},"content":{"rendered":"<div data-elementor-type=\"wp-page\" data-elementor-id=\"4668\" class=\"elementor elementor-4668\" data-elementor-post-type=\"page\">\n\t\t\t\t\t\t<section class=\"elementor-section elementor-top-section elementor-element elementor-element-fbf60d8 elementor-section-boxed elementor-section-height-default elementor-section-height-default\" data-id=\"fbf60d8\" data-element_type=\"section\" data-settings=\"{&quot;wdt_bg_image&quot;:{&quot;url&quot;:&quot;&quot;,&quot;id&quot;:&quot;&quot;,&quot;size&quot;:&quot;&quot;},&quot;wdt_bg_image_widescreen&quot;:{&quot;url&quot;:&quot;&quot;,&quot;id&quot;:&quot;&quot;,&quot;size&quot;:&quot;&quot;},&quot;wdt_bg_image_laptop&quot;:{&quot;url&quot;:&quot;&quot;,&quot;id&quot;:&quot;&quot;,&quot;size&quot;:&quot;&quot;},&quot;wdt_bg_image_tablet_extra&quot;:{&quot;url&quot;:&quot;&quot;,&quot;id&quot;:&quot;&quot;,&quot;size&quot;:&quot;&quot;},&quot;wdt_bg_image_tablet&quot;:{&quot;url&quot;:&quot;&quot;,&quot;id&quot;:&quot;&quot;,&quot;size&quot;:&quot;&quot;},&quot;wdt_bg_image_mobile_extra&quot;:{&quot;url&quot;:&quot;&quot;,&quot;id&quot;:&quot;&quot;,&quot;size&quot;:&quot;&quot;},&quot;wdt_bg_image_mobile&quot;:{&quot;url&quot;:&quot;&quot;,&quot;id&quot;:&quot;&quot;,&quot;size&quot;:&quot;&quot;},&quot;wdt_bg_position&quot;:&quot;center center&quot;,&quot;wdt_animation_effect&quot;:&quot;none&quot;}\">\n\t\t\t\t\t\t<div class=\"elementor-container elementor-column-gap-default\">\n\t\t\t\t\t<div class=\"elementor-column elementor-col-100 elementor-top-column elementor-element elementor-element-5181323\" data-id=\"5181323\" data-element_type=\"column\">\n\t\t\t<div class=\"elementor-widget-wrap elementor-element-populated\">\n\t\t\t\t\t\t<div class=\"elementor-element elementor-element-11d51d5 elementor-widget elementor-widget-spacer\" data-id=\"11d51d5\" data-element_type=\"widget\" data-settings=\"{&quot;wdt_animation_effect&quot;:&quot;none&quot;}\" data-widget_type=\"spacer.default\">\n\t\t\t\t<div class=\"elementor-widget-container\">\n\t\t\t\t\t\t\t<div class=\"elementor-spacer\">\n\t\t\t<div class=\"elementor-spacer-inner\"><\/div>\n\t\t<\/div>\n\t\t\t\t\t\t<\/div>\n\t\t\t\t<\/div>\n\t\t\t\t\t<\/div>\n\t\t<\/div>\n\t\t\t\t\t<\/div>\n\t\t<\/section>\n\t\t\t\t<section class=\"elementor-section elementor-top-section elementor-element elementor-element-42aff9d elementor-section-boxed elementor-section-height-default elementor-section-height-default\" data-id=\"42aff9d\" data-element_type=\"section\" data-settings=\"{&quot;wdt_bg_image&quot;:{&quot;url&quot;:&quot;&quot;,&quot;id&quot;:&quot;&quot;,&quot;size&quot;:&quot;&quot;},&quot;wdt_bg_image_widescreen&quot;:{&quot;url&quot;:&quot;&quot;,&quot;id&quot;:&quot;&quot;,&quot;size&quot;:&quot;&quot;},&quot;wdt_bg_image_laptop&quot;:{&quot;url&quot;:&quot;&quot;,&quot;id&quot;:&quot;&quot;,&quot;size&quot;:&quot;&quot;},&quot;wdt_bg_image_tablet_extra&quot;:{&quot;url&quot;:&quot;&quot;,&quot;id&quot;:&quot;&quot;,&quot;size&quot;:&quot;&quot;},&quot;wdt_bg_image_tablet&quot;:{&quot;url&quot;:&quot;&quot;,&quot;id&quot;:&quot;&quot;,&quot;size&quot;:&quot;&quot;},&quot;wdt_bg_image_mobile_extra&quot;:{&quot;url&quot;:&quot;&quot;,&quot;id&quot;:&quot;&quot;,&quot;size&quot;:&quot;&quot;},&quot;wdt_bg_image_mobile&quot;:{&quot;url&quot;:&quot;&quot;,&quot;id&quot;:&quot;&quot;,&quot;size&quot;:&quot;&quot;},&quot;wdt_bg_position&quot;:&quot;center center&quot;,&quot;wdt_animation_effect&quot;:&quot;none&quot;}\">\n\t\t\t\t\t\t<div class=\"elementor-container elementor-column-gap-default\">\n\t\t\t\t\t<div class=\"elementor-column elementor-col-50 elementor-top-column elementor-element elementor-element-d05f510\" data-id=\"d05f510\" data-element_type=\"column\">\n\t\t\t<div class=\"elementor-widget-wrap elementor-element-populated\">\n\t\t\t\t\t\t<div class=\"elementor-element elementor-element-fcdaef8 elementor-widget-laptop__width-initial elementor-widget elementor-widget-wdt-heading\" data-id=\"fcdaef8\" data-element_type=\"widget\" data-settings=\"{&quot;split_heading&quot;:&quot;true&quot;,&quot;wdt_enable_inview_status&quot;:&quot;true&quot;,&quot;wdt_animation_effect&quot;:&quot;none&quot;}\" data-widget_type=\"wdt-heading.default\">\n\t\t\t\t<div class=\"elementor-widget-container\">\n\t\t\t\t\t<div class=\"wdt-heading-holder\" id=\"wdt-heading-fcdaef8\"><h2 class=\"wdt-heading-title-wrapper wdt-heading-align- wdt-heading-deco-wrapper\"><span class=\"wdt-heading-title\">Agencia de Infraestructuras de Utah <span class=\"wdt-split-heading-wrapper\"><span class=\"wdt-split-heading-title\">(<\/span><span class=\"wdt-split-heading-title\">U<\/span><span class=\"wdt-split-heading-title\">I<\/span><span class=\"wdt-split-heading-title\">A<\/span><span class=\"wdt-split-heading-title\">)<\/span><\/span><\/span><\/h2><div class=\"wdt-heading-content-wrapper\">Utah Infrastructure Agency (UIA) es una subdivisi\u00f3n pol\u00edtica del estado de Utah y fue creada en junio de 2010 por nueve ciudades de Utah. La red de la UIA est\u00e1 conectada a la red de fibra \u00f3ptica de la Agencia de Infraestructuras Abiertas de Telecomunicaciones de Utah (UTOPIA) en virtud de un acuerdo de derecho imprescriptible de uso entre la UIA y la UTOPIA, que concede a la UIA acceso a determinadas instalaciones y capacidad de la red UTOPIA. La red UTOPIA presta servicios de telecomunicaciones, de soporte y de gesti\u00f3n, as\u00ed como infraestructuras cruciales para la red de la UIA. La sinergia que proporciona la asociaci\u00f3n de la UIA con UTOPIA permite a ambas organizaciones ofrecer a sus ciudadanos una red de banda ancha de \u00faltima generaci\u00f3n. El proyecto est\u00e1 facilitando el desarrollo econ\u00f3mico en todas las ciudades miembros de UTOPIA.<\/div><\/div>\t\t\t\t<\/div>\n\t\t\t\t<\/div>\n\t\t\t\t\t<\/div>\n\t\t<\/div>\n\t\t\t\t<div class=\"elementor-column elementor-col-50 elementor-top-column elementor-element elementor-element-62b98f7\" data-id=\"62b98f7\" data-element_type=\"column\">\n\t\t\t<div class=\"elementor-widget-wrap elementor-element-populated\">\n\t\t\t\t\t\t<div class=\"elementor-element elementor-element-331cd50 elementor-widget elementor-widget-image\" data-id=\"331cd50\" data-element_type=\"widget\" data-settings=\"{&quot;wdt_animation_effect&quot;:&quot;none&quot;}\" data-widget_type=\"image.default\">\n\t\t\t\t<div class=\"elementor-widget-container\">\n\t\t\t\t\t\t\t\t\t\t\t\t\t\t\t<img fetchpriority=\"high\" decoding=\"async\" width=\"787\" height=\"428\" src=\"https:\/\/www.utopiafiber.dev\/wp-content\/uploads\/2024\/08\/UIA.Black_.png\" class=\"attachment-large size-large wp-image-15543\" alt=\"\" srcset=\"https:\/\/www.utopiafiber.dev\/wp-content\/uploads\/2024\/08\/UIA.Black_.png 787w, https:\/\/www.utopiafiber.dev\/wp-content\/uploads\/2024\/08\/UIA.Black_-300x163.png 300w, https:\/\/www.utopiafiber.dev\/wp-content\/uploads\/2024\/08\/UIA.Black_-150x82.png 150w, https:\/\/www.utopiafiber.dev\/wp-content\/uploads\/2024\/08\/UIA.Black_-768x418.png 768w\" sizes=\"(max-width: 787px) 100vw, 787px\" \/>\t\t\t\t\t\t\t\t\t\t\t\t\t\t\t<\/div>\n\t\t\t\t<\/div>\n\t\t\t\t\t<\/div>\n\t\t<\/div>\n\t\t\t\t\t<\/div>\n\t\t<\/section>\n\t\t\t\t<section class=\"elementor-section elementor-top-section elementor-element elementor-element-f8b49c4 elementor-section-boxed elementor-section-height-default elementor-section-height-default\" data-id=\"f8b49c4\" data-element_type=\"section\" data-settings=\"{&quot;wdt_bg_image&quot;:{&quot;url&quot;:&quot;&quot;,&quot;id&quot;:&quot;&quot;,&quot;size&quot;:&quot;&quot;},&quot;wdt_bg_image_widescreen&quot;:{&quot;url&quot;:&quot;&quot;,&quot;id&quot;:&quot;&quot;,&quot;size&quot;:&quot;&quot;},&quot;wdt_bg_image_laptop&quot;:{&quot;url&quot;:&quot;&quot;,&quot;id&quot;:&quot;&quot;,&quot;size&quot;:&quot;&quot;},&quot;wdt_bg_image_tablet_extra&quot;:{&quot;url&quot;:&quot;&quot;,&quot;id&quot;:&quot;&quot;,&quot;size&quot;:&quot;&quot;},&quot;wdt_bg_image_tablet&quot;:{&quot;url&quot;:&quot;&quot;,&quot;id&quot;:&quot;&quot;,&quot;size&quot;:&quot;&quot;},&quot;wdt_bg_image_mobile_extra&quot;:{&quot;url&quot;:&quot;&quot;,&quot;id&quot;:&quot;&quot;,&quot;size&quot;:&quot;&quot;},&quot;wdt_bg_image_mobile&quot;:{&quot;url&quot;:&quot;&quot;,&quot;id&quot;:&quot;&quot;,&quot;size&quot;:&quot;&quot;},&quot;wdt_bg_position&quot;:&quot;center center&quot;,&quot;wdt_animation_effect&quot;:&quot;none&quot;}\">\n\t\t\t\t\t\t<div class=\"elementor-container elementor-column-gap-default\">\n\t\t\t\t\t<div class=\"elementor-column elementor-col-100 elementor-top-column elementor-element elementor-element-7d6e78f\" data-id=\"7d6e78f\" data-element_type=\"column\">\n\t\t\t<div class=\"elementor-widget-wrap elementor-element-populated\">\n\t\t\t\t\t\t<div class=\"elementor-element elementor-element-956abbc elementor-widget elementor-widget-spacer\" data-id=\"956abbc\" data-element_type=\"widget\" data-settings=\"{&quot;wdt_animation_effect&quot;:&quot;none&quot;}\" data-widget_type=\"spacer.default\">\n\t\t\t\t<div class=\"elementor-widget-container\">\n\t\t\t\t\t\t\t<div class=\"elementor-spacer\">\n\t\t\t<div class=\"elementor-spacer-inner\"><\/div>\n\t\t<\/div>\n\t\t\t\t\t\t<\/div>\n\t\t\t\t<\/div>\n\t\t\t\t<div class=\"elementor-element elementor-element-a927e5c elementor-widget elementor-widget-eael-adv-tabs\" data-id=\"a927e5c\" data-element_type=\"widget\" data-settings=\"{&quot;wdt_animation_effect&quot;:&quot;none&quot;}\" data-widget_type=\"eael-adv-tabs.default\">\n\t\t\t\t<div class=\"elementor-widget-container\">\n\t\t\t\t\t        <div data-scroll-on-click=\"no\" data-scroll-speed=\"300\" id=\"eael-advance-tabs-a927e5c\" class=\"eael-advance-tabs eael-tabs-horizontal eael-tab-auto-active\" data-tabid=\"a927e5c\">\n            <div class=\"eael-tabs-nav\">\n                <ul class=\"\" role=\"tablist\">\n                                            <li id=\"financial-statements\" class=\"active-default eael-tab-item-trigger eael-tab-nav-item\" aria-selected=\"true\" data-tab=\"1\" role=\"tab\" tabindex=\"0\" aria-controls=\"financial-statements-tab\" aria-expanded=\"false\">\n                            \n                            \n                            \n                                                            <h6 class=\"eael-tab-title title-after-icon\" >Estados financieros<\/h6>                                                    <\/li>\n                                            <li id=\"continuing-disclosures\" class=\"active-default eael-tab-item-trigger eael-tab-nav-item\" aria-selected=\"false\" data-tab=\"2\" role=\"tab\" tabindex=\"-1\" aria-controls=\"continuing-disclosures-tab\" aria-expanded=\"false\">\n                            \n                            \n                            \n                                                            <h6 class=\"eael-tab-title title-after-icon\" >Divulgaci\u00f3n continua<\/h6>                                                    <\/li>\n                                            <li id=\"bond-issuances-official-statements\" class=\"active-default eael-tab-item-trigger eael-tab-nav-item\" aria-selected=\"false\" data-tab=\"3\" role=\"tab\" tabindex=\"-1\" aria-controls=\"bond-issuances-official-statements-tab\" aria-expanded=\"false\">\n                            \n                            \n                            \n                                                            <h6 class=\"eael-tab-title title-after-icon\" >Emisiones de obligaciones - Declaraciones oficiales<\/h6>                                                    <\/li>\n                                            <li id=\"debt-service-schedules\" class=\"active-default eael-tab-item-trigger eael-tab-nav-item\" aria-selected=\"false\" data-tab=\"4\" role=\"tab\" tabindex=\"-1\" aria-controls=\"debt-service-schedules-tab\" aria-expanded=\"false\">\n                            \n                            \n                            \n                                                            <h6 class=\"eael-tab-title title-after-icon\" >Calendario del servicio de la deuda<\/h6>                                                    <\/li>\n                                    <\/ul>\n            <\/div>\n            \n            <div class=\"eael-tabs-content\">\n\t\t        \n                    <div id=\"financial-statements-tab\" class=\"clearfix eael-tab-content-item active-default\" data-title-link=\"financial-statements-tab\">\n\t\t\t\t        <ul><li><a href=\"\/wp-content\/uploads\/2024\/04\/2014-UIA-Report-ISSUED-11-25-2014-1.pdf\" target=\"_blank\" rel=\"noopener\">2014<\/a><\/li><li><a href=\"\/wp-content\/uploads\/2024\/04\/UIA-2015-Report-ISSUED-11.20.2015.pdf\" target=\"_blank\" rel=\"noopener\">2015<\/a><\/li><li><a href=\"\/wp-content\/uploads\/2024\/04\/UIA-2016-Report-ISSUED-11.30.2016-COMBINED.pdf\" target=\"_blank\" rel=\"noopener\">2016<\/a><\/li><li><a href=\"\/wp-content\/uploads\/2024\/04\/UIA-2017-Report-ISSUED-11.15.17-Combined.pdf\" target=\"_blank\" rel=\"noopener\">2017<\/a><\/li><li><a href=\"\/wp-content\/uploads\/2024\/04\/UIA-2018-Report-ISSUED-12.03.2018-Combined.pdf\" target=\"_blank\" rel=\"noopener\">2018<\/a><\/li><li><a href=\"\/wp-content\/uploads\/2024\/04\/UIA-FY2019-Financials.pdf\" target=\"_blank\" rel=\"noopener\">2019<\/a><\/li><li><a href=\"\/wp-content\/uploads\/2024\/04\/UIA-FY2020-Financials.pdf\" target=\"_blank\" rel=\"noopener\">2020<\/a><\/li><li><a href=\"https:\/\/www.utopiafiber.dev\/wp-content\/uploads\/2024\/04\/UIA-FY2021-Financials.pdf\" target=\"_blank\" rel=\"noopener\">2021<\/a><\/li><li><a href=\"\/wp-content\/uploads\/2024\/04\/UIA-FY2022-Financials-12.30.2022-FINAL.pdf\" target=\"_blank\" rel=\"noopener\">2022<\/a><\/li><li><a href=\"\/wp-content\/uploads\/2024\/06\/UIA-FY2023-Financials-12.29.2023-FINAL.pdf\" target=\"_blank\" rel=\"noopener\">2023<\/a><\/li><\/ul>                    <\/div>\n\t\t        \n                    <div id=\"continuing-disclosures-tab\" class=\"clearfix eael-tab-content-item active-default\" data-title-link=\"continuing-disclosures-tab\">\n\t\t\t\t        <ul><li><a href=\"\/wp-content\/uploads\/2024\/04\/UtahInfrastructureAgencyContinuingDisclosure2019February262019.pdf\" target=\"_blank\" rel=\"noopener\">2019<\/a><\/li><li><a href=\"\/wp-content\/uploads\/2024\/04\/UtahInfrastructureAgencyContinuingDisclosure2020Jan15.pdf\" target=\"_blank\" rel=\"noopener\">2020<\/a><\/li><li><a href=\"\/wp-content\/uploads\/2024\/04\/UtahInfrastructureAgencyContinuingDisclosure2021Jan252021.pdf\" target=\"_blank\" rel=\"noopener\">2021<\/a><\/li><li><a href=\"\/wp-content\/uploads\/2024\/04\/UtahInfrastructureAgencyContinuingDisclosure2022Mar142022.pdf\" target=\"_blank\" rel=\"noopener\">2022<\/a><\/li><li><a href=\"\/wp-content\/uploads\/2024\/07\/UtahInfrastructureAgency2024CDJan19.pdf\" target=\"_blank\" rel=\"noopener\">2024<\/a>\u00a0<\/li><\/ul>                    <\/div>\n\t\t        \n                    <div id=\"bond-issuances-official-statements-tab\" class=\"clearfix eael-tab-content-item active-default\" data-title-link=\"bond-issuances-official-statements-tab\">\n\t\t\t\t        <ul><li><a href=\"\/wp-content\/uploads\/2024\/04\/UIA-Series-2017A-and-2017B-77405000-Telecommunications-Revenue-and-Refunding-Bonds-Official-Statement-1.pdf\" target=\"_blank\" rel=\"noopener\">UIA Series 2017A y 2017B $77.405.000 Telecommunications Revenue and Refunding Bonds Declaraci\u00f3n oficial<\/a><\/li><li><a href=\"https:\/\/www.utopiafiber.dev\/wp-content\/uploads\/2024\/04\/UIA-Series-2017A-and-2017B-77405000-Telecommunications-Revenue-and-Refunding-Bonds-Official-Statement-1.pdf\" target=\"_blank\" rel=\"noopener\">UIA Serie 2018 $22.285.000 Layton City Telecommunications and Franchise Tax Revenue Bonds Declaraci\u00f3n oficial<\/a><\/li><li><a href=\"\/wp-content\/uploads\/2024\/04\/UIA-Series-2018A-21810000-Telecommunications-Revenue-Bonds-Official-Statement.pdf\" target=\"_blank\" rel=\"noopener\">UIA Serie 2018A $21.810.000 Telecommunications Revenue Bonds Declaraci\u00f3n oficial<\/a><\/li><li><a href=\"https:\/\/www.utopiafiber.dev\/wp-content\/uploads\/2024\/04\/UIA-Series-2019-2550000-Morgan-City-Project-Telecommunications-Electric-Utility-and-Sales-Tax-Revenue-Bonds-Official-Statement.pdf\" target=\"_blank\" rel=\"noopener\">UIA Series 2019 $2,550,000 Morgan City Project Telecommunications, Electric Utility and Sales Tax Revenue Bonds Declaraci\u00f3n oficial<\/a><\/li><li><a href=\"\/wp-content\/uploads\/2024\/04\/UIA-Series-2019-3520000-Payson-City-Project-Telecommunications-and-Franchise-Revenue-Bonds-Official-Statement.pdf\" target=\"_blank\" rel=\"noopener\">UIA Serie 2019 $3.520.000 Payson City Project Telecommunications and Franchise Revenue Bonds Declaraci\u00f3n oficial<\/a><\/li><li><a href=\"\/wp-content\/uploads\/2024\/04\/UIA-Series-2019-7220000-West-Point-City-Telecommunications-Franchise-and-Sales-Tax-Revenue-Bonds-Official-Statement.pdf\" target=\"_blank\" rel=\"noopener\">UIA Serie 2019 $7.220.000 West Point City Telecommunications, Franchise and Sales Tax Revenue Bonds Declaraci\u00f3n oficial<\/a><\/li><li><a href=\"https:\/\/www.utopiafiber.dev\/wp-content\/uploads\/2024\/04\/Official-Statement-UIA-Telecomm-Rev-Bonds-2019.docx.pdf\" target=\"_blank\" rel=\"noopener\">UIA Serie 2019 $48.365.000 Telecommunications Revenue Bonds Declaraci\u00f3n oficial<\/a><\/li><li><a href=\"\/wp-content\/uploads\/2024\/04\/2022-TELECOMMUNICATIONS-REVENUE-BONDS-OFFICIAL-STATEMENT-FINAL.pdf\" target=\"_blank\" rel=\"noopener\">UIA Serie 2020 $12.645.000 Clearfield City Telecommunications and Franchise Tax Revenue Bonds Declaraci\u00f3n oficial<\/a><\/li><li><a href=\"\/wp-content\/uploads\/2024\/04\/UIA-Series-2021-Official-Statement.pdf\" target=\"_blank\" rel=\"noopener\">UIA Serie 2021 $52.495.000 Utah Infrastructure Agency Telecommunications Revenue Bonds<\/a><\/li><li><a href=\"https:\/\/www.utopiafiber.dev\/wp-content\/uploads\/2024\/04\/PG-Official-Statement.pdf\" target=\"_blank\" rel=\"noopener\">UIA Serie 2021 $16.915.000 Pleasant Grove City Telecommunications and Franchise Tax Revenue Bonds<\/a><\/li><li><a href=\"\/wp-content\/uploads\/2024\/04\/Official-Statement-Syracuse.pdf\" target=\"_blank\" rel=\"noopener\">UIA Serie 2021 $19.220.000 Syracuse Bonos municipales de telecomunicaciones, franquicia e impuestos sobre las ventas<\/a><\/li><li><a href=\"\/wp-content\/uploads\/2024\/04\/Cedar-Hills-Official-Statement-posted-April-2022.pdf\" target=\"_blank\" rel=\"noopener\">UIA Serie 2022 $5.965.000 Cedar Hills City Telecommunications, Franchise and Sales Tax Revenue Bonds<\/a><\/li><li><a href=\"\/wp-content\/uploads\/2024\/04\/Santa-Clara-Official-Statement-Posted-April-2022.pdf\" target=\"_blank\" rel=\"noopener\">UIA Serie 2022 $6.675.000 Santa Clara City Telecommunications, Franchise and Sales Tax Revenue Bonds<\/a><\/li><li><a href=\"\/wp-content\/uploads\/2024\/04\/West-Haven-Official-Statement-posted-December-2022.pdf\" target=\"_blank\" rel=\"noopener\">UIA Serie 2022 $17.680.000 West Haven Bonos municipales de telecomunicaciones, franquicia e impuestos sobre ventas<\/a><\/li><li><a href=\"\/wp-content\/uploads\/2024\/04\/2022-TELECOMMUNICATIONS-REVENUE-BONDS-OFFICIAL-STATEMENT-FINAL.pdf\" target=\"_blank\" rel=\"noopener\">UIA Serie 2022 $30.000.000 Utah Infrastructure Agency Telecommunications Revenue Bonds<\/a><\/li><li><a href=\"\/wp-content\/uploads\/2024\/07\/06-Official-Statement.pdf\" target=\"_blank\" rel=\"noopener\">UIA Serie 2023 $35.630.000 Utah Infrastructure Agency Telecommunications Revenue Bonds<\/a><\/li><\/ul>                    <\/div>\n\t\t        \n                    <div id=\"debt-service-schedules-tab\" class=\"clearfix eael-tab-content-item active-default\" data-title-link=\"debt-service-schedules-tab\">\n\t\t\t\t        <ul><li><a href=\"\/wp-content\/uploads\/2024\/04\/UIA-Series-2017A-and-2017B-77405000-Telecommunications-Revenue-and-Refunding-Bonds-Debt-Service-Schedule.pdf\" target=\"_blank\" rel=\"noopener\">UIA Series 2017A y 2017B $77.405.000 Ingresos de telecomunicaciones y bonos de refinanciaci\u00f3n Calendario del servicio de la deuda<\/a><\/li><li><a href=\"\/wp-content\/uploads\/2024\/04\/UIA-Series-2018-22285000-Layton-City-Telecommunications-and-Franchise-Tax-Revenue-Bonds-Debt-Service-Schedule.pdf\" target=\"_blank\" rel=\"noopener\">UIA Serie 2018 $22.285.000 Layton City Telecommunications and Franchise Tax Revenue Bonds Calendario del servicio de la deuda<\/a><\/li><li><a href=\"\/wp-content\/uploads\/2024\/04\/UIA-Series-2018A-21810000-Telecommunications-Revenue-Bonds-Debt-Service-Schedule.pdf\" target=\"_blank\" rel=\"noopener\">UIA Serie 2018A $21.810.000 Bonos de ingresos por telecomunicaciones Calendario del servicio de la deuda<\/a><\/li><li><a href=\"\/wp-content\/uploads\/2024\/04\/UIA-Series-2019-2550000-Morgan-City-Project-Telecommunications-Electric-Utility-and-Sales-Tax-Revenue-Bonds-Debt-Service-Schedule.pdf\" target=\"_blank\" rel=\"noopener\">UIA Serie 2019 $2,550,000 Morgan Proyecto de la Ciudad Telecomunicaciones, Utilidad El\u00e9ctrica y Bonos de Ingresos por Impuestos sobre Ventas Calendario del Servicio de la Deuda<\/a><\/li><li><a href=\"\/wp-content\/uploads\/2024\/04\/UIA-Series-2019-3520000-Payson-City-Project-Telecommunications-and-Franchise-Revenue-Bonds-Debt-Service-Schedule.pdf\" target=\"_blank\" rel=\"noopener\">UIA Serie 2019 $3.520.000 Payson Bonos de ingresos por telecomunicaciones y franquicias del proyecto de la ciudad Calendario del servicio de la deuda<\/a><\/li><li><a href=\"\/wp-content\/uploads\/2024\/04\/UIA-Series-2019-7220000-West-Point-City-Telecommunications-Franchise-and-Sales-Tax-Revenue-Bonds-Debt-Service-Schedule.pdf\" target=\"_blank\" rel=\"noopener\">UIA Serie 2019 $7.220.000 Bonos de telecomunicaciones de la ciudad de West Point, de franquicia y de ingresos por impuestos sobre las ventas Calendario del servicio de la deuda<\/a><\/li><li><a href=\"https:\/\/www.utopiafiber.dev\/wp-content\/uploads\/2024\/04\/Debt-Service-Schedule-UIA-2019.pdf\" target=\"_blank\" rel=\"noopener\">UIA Serie 2019 $48.365.000 Calendario del servicio de la deuda de bonos de ingresos por telecomunicaciones<\/a><\/li><li><a href=\"\/wp-content\/uploads\/2024\/04\/UIA-Clearfield-Debt-Service-Schedule.pdf\" target=\"_blank\" rel=\"noopener\">UIA Serie 2020 $12.645.000 Clearfield City Telecommunications and Franchise Tax Revenue Bonds Calendario del servicio de la deuda<\/a><\/li><li><a href=\"\/wp-content\/uploads\/2024\/04\/Debt-Service-Schedule-UIA-2021.pdf\" target=\"_blank\" rel=\"noopener\">UIA Serie 2021 $52.495.000 Utah Infrastructure Agency Telecommunications Revenue Bonds Calendario del servicio de la deuda<\/a><\/li><li><a href=\"\/wp-content\/uploads\/2024\/04\/Debt-Service-Schedule-PG.pdf\" target=\"_blank\" rel=\"noopener\">UIA Serie 2021 $16.915.000 Pleasant Grove City Telecommunications and Franchise Tax Revenue Bonds Calendario del servicio de la deuda<\/a><\/li><li><a href=\"\/wp-content\/uploads\/2024\/04\/Debt-Service-Schedule-Syracuse.pdf\" target=\"_blank\" rel=\"noopener\">UIA Serie 2021 $19.220.000 Syracuse City Telecommunications, Franchise, and Sales Tax Revenue Bonds Calendario del servicio de la deuda<\/a><\/li><li><a href=\"\/wp-content\/uploads\/2024\/04\/Debt-Service-Schedule-West-Haven.pdf\" target=\"_blank\" rel=\"noopener\">UIA Serie 2022 $17.680.000 West Haven City Telecommunications, Franchise, and Sales Tax Revenue Bonds Calendario del servicio de la deuda<\/a><\/li><li><a href=\"\/wp-content\/uploads\/2024\/04\/Debt-Service-Schedule-UIA-2022.pdf\" target=\"_blank\" rel=\"noopener\">UIA Serie 2022 $30.000.000 Utah Infrastructure Agency Telecommunications Revenue Bonds Calendario del servicio de la deuda<\/a><\/li><li><a href=\"\/wp-content\/uploads\/2024\/06\/UIA-Series-2023-30M-Debt-Service-Schedule.pdf\" target=\"_blank\" rel=\"noopener\">UIA Serie 2023 $35.630.000 Utah Infrastructure Agency Telecommunications Revenue Bonds Calendario del servicio de la deuda<\/a><\/li><\/ul>                    <\/div>\n\t\t                    <\/div>\n        <\/div>\n\t\t\t\t<\/div>\n\t\t\t\t<\/div>\n\t\t\t\t<div class=\"elementor-element elementor-element-e3fd3b1 elementor-widget elementor-widget-spacer\" data-id=\"e3fd3b1\" data-element_type=\"widget\" data-settings=\"{&quot;wdt_animation_effect&quot;:&quot;none&quot;}\" data-widget_type=\"spacer.default\">\n\t\t\t\t<div class=\"elementor-widget-container\">\n\t\t\t\t\t\t\t<div class=\"elementor-spacer\">\n\t\t\t<div class=\"elementor-spacer-inner\"><\/div>\n\t\t<\/div>\n\t\t\t\t\t\t<\/div>\n\t\t\t\t<\/div>\n\t\t\t\t\t<\/div>\n\t\t<\/div>\n\t\t\t\t\t<\/div>\n\t\t<\/section>\n\t\t\t\t<\/div>","protected":false},"excerpt":{"rendered":"<p>Utah Infrastructure Agency (UIA) Utah Infrastructure Agency (UIA) is a political subdivision of the state of Utah and was created in June of 2010 by nine Utah cities. The UIA network is connected to the Utah Telecommunications Open Infrastructure Agency (UTOPIA) fiber optic network pursuant to an Indefeasible Right of Use Agreement between UIA and [&hellip;]<\/p>","protected":false},"author":20,"featured_media":0,"parent":0,"menu_order":0,"comment_status":"closed","ping_status":"closed","template":"elementor_header_footer","meta":{"footnotes":""},"class_list":["post-4668","page","type-page","status-publish","hentry"],"_links":{"self":[{"href":"https:\/\/www.utopiafiber.dev\/es\/wp-json\/wp\/v2\/pages\/4668","targetHints":{"allow":["GET"]}}],"collection":[{"href":"https:\/\/www.utopiafiber.dev\/es\/wp-json\/wp\/v2\/pages"}],"about":[{"href":"https:\/\/www.utopiafiber.dev\/es\/wp-json\/wp\/v2\/types\/page"}],"author":[{"embeddable":true,"href":"https:\/\/www.utopiafiber.dev\/es\/wp-json\/wp\/v2\/users\/20"}],"replies":[{"embeddable":true,"href":"https:\/\/www.utopiafiber.dev\/es\/wp-json\/wp\/v2\/comments?post=4668"}],"version-history":[{"count":76,"href":"https:\/\/www.utopiafiber.dev\/es\/wp-json\/wp\/v2\/pages\/4668\/revisions"}],"predecessor-version":[{"id":15546,"href":"https:\/\/www.utopiafiber.dev\/es\/wp-json\/wp\/v2\/pages\/4668\/revisions\/15546"}],"wp:attachment":[{"href":"https:\/\/www.utopiafiber.dev\/es\/wp-json\/wp\/v2\/media?parent=4668"}],"curies":[{"name":"wp","href":"https:\/\/api.w.org\/{rel}","templated":true}]}}